{"id":105,"date":"2025-06-25T21:03:52","date_gmt":"2025-06-25T21:03:52","guid":{"rendered":"https:\/\/pro-tech-europe.com\/?page_id=105"},"modified":"2025-06-25T21:41:53","modified_gmt":"2025-06-25T21:41:53","slug":"privacy-policy","status":"publish","type":"page","link":"https:\/\/pro-tech-europe.com\/?page_id=105","title":{"rendered":"privacy-policy"},"content":{"rendered":"\t\t<div data-elementor-type=\"wp-page\" data-elementor-id=\"105\" class=\"elementor elementor-105\">\n\t\t\t\t<div class=\"elementor-element elementor-element-38d16af5 e-flex e-con-boxed e-con e-parent\" data-id=\"38d16af5\" data-element_type=\"container\" data-e-type=\"container\">\n\t\t\t\t\t<div class=\"e-con-inner\">\n\t\t\t\t<div class=\"elementor-element elementor-element-1e56e82b elementor-widget elementor-widget-text-editor\" data-id=\"1e56e82b\" data-element_type=\"widget\" data-e-type=\"widget\" data-widget_type=\"text-editor.default\">\n\t\t\t\t<div class=\"elementor-widget-container\">\n\t\t\t\t\t\t\t\t\t<p><\/p>\n<p>Polityka prywatno\u015bciLast updated: 25.06.20251. Informacje og\u00f3lneNiniejsza Polityka prywatno\u015bci okre\u015bla zasady przetwarzania i ochrony danych osobowych przekazanych przez U\u017cytkownik\u00f3w w zwi\u0105zku z korzystaniem ze strony internetowej pro-tech-europe.com.2. Administrator danychAdministratorem danych osobowych jest: Pro-Tech Europe InstallationsS\u0142upia Pod Bralinem 89 D, 63-642 Perz\u00f3wE-mail: pro-tech-europe@vp.plTelefon: +48 887 122 1113. Zakres danychPrzetwarzamy dane podane przez Ciebie dobrowolnie w formularzach kontaktowych (np. imi\u0119, adres e-mail, telefon).4. Cel i podstawa przetwarzaniaDane osobowe przetwarzane s\u0105 w celu:udzielenia odpowiedzi na zapytania,realizacji us\u0142ug lub zawarcia umowy,prowadzenia dzia\u0142a\u0144 marketingowych (za Twoj\u0105 zgod\u0105).Podstaw\u0105 prawn\u0105 przetwarzania danych jest Twoja zgoda oraz realizacja us\u0142ug.5. Twoje prawaMasz prawo do:dost\u0119pu do swoich danych,sprostowania, usuni\u0119cia, ograniczenia przetwarzania,sprzeciwu wobec przetwarzania,przenoszenia danych,wniesienia skargi do Prezesa UODO.6. Pliki cookiesStrona u\u017cywa plik\u00f3w cookies w celu poprawnego dzia\u0142ania, analizy statystyk i marketingu (zgodnie z ustawieniami Twojej przegl\u0105darki).7. Udost\u0119pnianie danychDane nie s\u0105 przekazywane podmiotom trzecim, chyba \u017ce wynika to z obowi\u0105zuj\u0105cych przepis\u00f3w prawa.8. Zmiany politykiPolityka prywatno\u015bci mo\u017ce by\u0107 aktualizowana. Aktualna wersja b\u0119dzie dost\u0119pna na tej stronie<\/p>\n<p>\u00a0<\/p>\n<p>.&#8212;Privacy PolicyLast updated: 25.06.20251. General InformationThis Privacy Policy sets out the rules for processing and protecting personal data provided by users in connection with their use of the website pro-tech-europe.com.2. Data ControllerThe data controller is:Pro-Tech Europe InstallationsS\u0142upia Pod Bralinem 89 D, 63-642 Perz\u00f3w, PolandE-mail: pro-tech-europe@vp.plPhone: +48 887 122 1113. Scope of dataWe process data voluntarily provided by you in contact forms (e.g. name, e-mail address, phone number).4. Purpose and legal basisPersonal data are processed for:replying to enquiries,providing services or concluding contracts,marketing activities (with your consent).The legal basis for processing is your consent and the provision of services.5. Your rightsYou have the right to:access your data,rectify, delete or restrict processing,object to processing,data portability,lodge a complaint with the supervisory authority.6. CookiesThe website uses cookies for proper functioning, statistics, and marketing purposes (according to your browser settings).7. Data sharingData are not shared with third parties unless required by law.8. Changes to the policyThis policy may be updated. The current version will always be available on this page.<\/p>\n<p>\u00a0<\/p>\n<p>&#8212;PrivacybeleidLaatst bijgewerkt: 25.06.20251. Algemene informatieDit privacybeleid beschrijft de regels voor het verwerken en beschermen van persoonlijke gegevens die door gebruikers worden verstrekt in verband met het gebruik van de website pro-tech-europe.com.2. GegevensbeheerderDe beheerder van persoonsgegevens is:Pro-Tech Europe InstallationsS\u0142upia Pod Bralinem 89 D, 63-642 Perz\u00f3w, PolenE-mail: pro-tech-europe@vp.plTelefoon: +48 887 122 1113. Omvang van gegevensWij verwerken gegevens die vrijwillig door u zijn verstrekt via contactformulieren (bijv. naam, e-mailadres, telefoonnummer).4. Doel en grondslag van verwerkingPersoonsgegevens worden verwerkt voor:het beantwoorden van vragen,het leveren van diensten of het sluiten van een overeenkomst,marketingactiviteiten (met uw toestemming).De rechtsgrondslag voor verwerking is uw toestemming en de uitvoering van diensten.5. Uw rechtenU heeft het recht om:uw gegevens in te zien,correctie, verwijdering of beperking van verwerking te eisen,bezwaar te maken tegen verwerking,gegevensoverdraagbaarheid,een klacht in te dienen bij de toezichthoudende autoriteit.6. CookiesDe website maakt gebruik van cookies voor een goede werking, statistieken en marketing (volgens uw browserinstellingen).7. GegevensdelingGegevens worden niet gedeeld met derden, tenzij dit wettelijk verplicht is.8. Wijzigingen in het beleidHet privacybeleid kan worden bijgewerkt. De actuele versie is altijd beschikbaar op deze pagina.<\/p>\n<p><\/p>\t\t\t\t\t\t\t\t<\/div>\n\t\t\t\t<\/div>\n\t\t\t\t\t<\/div>\n\t\t\t\t<\/div>\n\t\t\t\t<\/div>\n\t\t","protected":false},"excerpt":{"rendered":"<p>Polityka prywatno\u015bciLast updated: 25.06.20251. Informacje og\u00f3lneNiniejsza Polityka prywatno\u015bci okre\u015bla zasady przetwarzania i ochrony danych osobowych przekazanych przez U\u017cytkownik\u00f3w w zwi\u0105zku z korzystaniem ze strony internetowej pro-tech-europe.com.2. Administrator danychAdministratorem danych osobowych jest: Pro-Tech Europe InstallationsS\u0142upia Pod Bralinem 89 D, 63-642 Perz\u00f3wE-mail: pro-tech-europe@vp.plTelefon: +48 887 122 1113. Zakres danychPrzetwarzamy dane podane przez Ciebie dobrowolnie w formularzach kontaktowych [&hellip;]<\/p>\n","protected":false},"author":1,"featured_media":0,"parent":0,"menu_order":0,"comment_status":"closed","ping_status":"closed","template":"","meta":{"footnotes":""},"class_list":["post-105","page","type-page","status-publish","hentry"],"yoast_head":"<!-- This site is optimized with the Yoast SEO plugin v27.4 - https:\/\/yoast.com\/product\/yoast-seo-wordpress\/ -->\n<title>privacy-policy - Pro-Tech-Europe<\/title>\n<meta name=\"robots\" content=\"index, follow, max-snippet:-1, max-image-preview:large, max-video-preview:-1\" \/>\n<link rel=\"canonical\" href=\"https:\/\/pro-tech-europe.com\/?page_id=105\" \/>\n<meta property=\"og:locale\" content=\"pl_PL\" \/>\n<meta property=\"og:type\" content=\"article\" \/>\n<meta property=\"og:title\" content=\"privacy-policy - Pro-Tech-Europe\" \/>\n<meta property=\"og:description\" content=\"Polityka prywatno\u015bciLast updated: 25.06.20251. Informacje og\u00f3lneNiniejsza Polityka prywatno\u015bci okre\u015bla zasady przetwarzania i ochrony danych osobowych przekazanych przez U\u017cytkownik\u00f3w w zwi\u0105zku z korzystaniem ze strony internetowej pro-tech-europe.com.2. Administrator danychAdministratorem danych osobowych jest: Pro-Tech Europe InstallationsS\u0142upia Pod Bralinem 89 D, 63-642 Perz\u00f3wE-mail: pro-tech-europe@vp.plTelefon: +48 887 122 1113. Zakres danychPrzetwarzamy dane podane przez Ciebie dobrowolnie w formularzach kontaktowych [&hellip;]\" \/>\n<meta property=\"og:url\" content=\"https:\/\/pro-tech-europe.com\/?page_id=105\" \/>\n<meta property=\"og:site_name\" content=\"Pro-Tech-Europe\" \/>\n<meta property=\"article:modified_time\" content=\"2025-06-25T21:41:53+00:00\" \/>\n<meta property=\"og:image\" content=\"https:\/\/pro-tech-europe.com\/wp-content\/uploads\/2025\/06\/file_000000002c5861f784c049a96359a4ab.png\" \/>\n\t<meta property=\"og:image:width\" content=\"1024\" \/>\n\t<meta property=\"og:image:height\" content=\"1024\" \/>\n\t<meta property=\"og:image:type\" content=\"image\/png\" \/>\n<meta name=\"twitter:card\" content=\"summary_large_image\" \/>\n<meta name=\"twitter:label1\" content=\"Szacowany czas czytania\" \/>\n\t<meta name=\"twitter:data1\" content=\"3 minuty\" \/>\n<script type=\"application\/ld+json\" class=\"yoast-schema-graph\">{\"@context\":\"https:\\\/\\\/schema.org\",\"@graph\":[{\"@type\":\"WebPage\",\"@id\":\"https:\\\/\\\/pro-tech-europe.com\\\/?page_id=105\",\"url\":\"https:\\\/\\\/pro-tech-europe.com\\\/?page_id=105\",\"name\":\"privacy-policy - Pro-Tech-Europe\",\"isPartOf\":{\"@id\":\"https:\\\/\\\/pro-tech-europe.com\\\/#website\"},\"datePublished\":\"2025-06-25T21:03:52+00:00\",\"dateModified\":\"2025-06-25T21:41:53+00:00\",\"breadcrumb\":{\"@id\":\"https:\\\/\\\/pro-tech-europe.com\\\/?page_id=105#breadcrumb\"},\"inLanguage\":\"pl-PL\",\"potentialAction\":[{\"@type\":\"ReadAction\",\"target\":[\"https:\\\/\\\/pro-tech-europe.com\\\/?page_id=105\"]}]},{\"@type\":\"BreadcrumbList\",\"@id\":\"https:\\\/\\\/pro-tech-europe.com\\\/?page_id=105#breadcrumb\",\"itemListElement\":[{\"@type\":\"ListItem\",\"position\":1,\"name\":\"Strona g\u0142\u00f3wna\",\"item\":\"https:\\\/\\\/pro-tech-europe.com\\\/\"},{\"@type\":\"ListItem\",\"position\":2,\"name\":\"privacy-policy\"}]},{\"@type\":\"WebSite\",\"@id\":\"https:\\\/\\\/pro-tech-europe.com\\\/#website\",\"url\":\"https:\\\/\\\/pro-tech-europe.com\\\/\",\"name\":\"Pro-Tech-Europe\",\"description\":\"Europe Instalations\",\"publisher\":{\"@id\":\"https:\\\/\\\/pro-tech-europe.com\\\/#organization\"},\"alternateName\":\"Pro-Tech Kamil Marcinowski\",\"potentialAction\":[{\"@type\":\"SearchAction\",\"target\":{\"@type\":\"EntryPoint\",\"urlTemplate\":\"https:\\\/\\\/pro-tech-europe.com\\\/?s={search_term_string}\"},\"query-input\":{\"@type\":\"PropertyValueSpecification\",\"valueRequired\":true,\"valueName\":\"search_term_string\"}}],\"inLanguage\":\"pl-PL\"},{\"@type\":\"Organization\",\"@id\":\"https:\\\/\\\/pro-tech-europe.com\\\/#organization\",\"name\":\"Pro-Tech-Europe\",\"alternateName\":\"Pro-Tech Kamil Marcinowski\",\"url\":\"https:\\\/\\\/pro-tech-europe.com\\\/\",\"logo\":{\"@type\":\"ImageObject\",\"inLanguage\":\"pl-PL\",\"@id\":\"https:\\\/\\\/pro-tech-europe.com\\\/#\\\/schema\\\/logo\\\/image\\\/\",\"url\":\"http:\\\/\\\/pro-tech-europe.com\\\/wp-content\\\/uploads\\\/2025\\\/06\\\/cropped-file_000000002c5861f784c049a96359a4ab.png\",\"contentUrl\":\"http:\\\/\\\/pro-tech-europe.com\\\/wp-content\\\/uploads\\\/2025\\\/06\\\/cropped-file_000000002c5861f784c049a96359a4ab.png\",\"width\":512,\"height\":512,\"caption\":\"Pro-Tech-Europe\"},\"image\":{\"@id\":\"https:\\\/\\\/pro-tech-europe.com\\\/#\\\/schema\\\/logo\\\/image\\\/\"}}]}<\/script>\n<!-- \/ Yoast SEO plugin. -->","yoast_head_json":{"title":"privacy-policy - Pro-Tech-Europe","robots":{"index":"index","follow":"follow","max-snippet":"max-snippet:-1","max-image-preview":"max-image-preview:large","max-video-preview":"max-video-preview:-1"},"canonical":"https:\/\/pro-tech-europe.com\/?page_id=105","og_locale":"pl_PL","og_type":"article","og_title":"privacy-policy - Pro-Tech-Europe","og_description":"Polityka prywatno\u015bciLast updated: 25.06.20251. Informacje og\u00f3lneNiniejsza Polityka prywatno\u015bci okre\u015bla zasady przetwarzania i ochrony danych osobowych przekazanych przez U\u017cytkownik\u00f3w w zwi\u0105zku z korzystaniem ze strony internetowej pro-tech-europe.com.2. Administrator danychAdministratorem danych osobowych jest: Pro-Tech Europe InstallationsS\u0142upia Pod Bralinem 89 D, 63-642 Perz\u00f3wE-mail: pro-tech-europe@vp.plTelefon: +48 887 122 1113. Zakres danychPrzetwarzamy dane podane przez Ciebie dobrowolnie w formularzach kontaktowych [&hellip;]","og_url":"https:\/\/pro-tech-europe.com\/?page_id=105","og_site_name":"Pro-Tech-Europe","article_modified_time":"2025-06-25T21:41:53+00:00","og_image":[{"width":1024,"height":1024,"url":"https:\/\/pro-tech-europe.com\/wp-content\/uploads\/2025\/06\/file_000000002c5861f784c049a96359a4ab.png","type":"image\/png"}],"twitter_card":"summary_large_image","twitter_misc":{"Szacowany czas czytania":"3 minuty"},"schema":{"@context":"https:\/\/schema.org","@graph":[{"@type":"WebPage","@id":"https:\/\/pro-tech-europe.com\/?page_id=105","url":"https:\/\/pro-tech-europe.com\/?page_id=105","name":"privacy-policy - Pro-Tech-Europe","isPartOf":{"@id":"https:\/\/pro-tech-europe.com\/#website"},"datePublished":"2025-06-25T21:03:52+00:00","dateModified":"2025-06-25T21:41:53+00:00","breadcrumb":{"@id":"https:\/\/pro-tech-europe.com\/?page_id=105#breadcrumb"},"inLanguage":"pl-PL","potentialAction":[{"@type":"ReadAction","target":["https:\/\/pro-tech-europe.com\/?page_id=105"]}]},{"@type":"BreadcrumbList","@id":"https:\/\/pro-tech-europe.com\/?page_id=105#breadcrumb","itemListElement":[{"@type":"ListItem","position":1,"name":"Strona g\u0142\u00f3wna","item":"https:\/\/pro-tech-europe.com\/"},{"@type":"ListItem","position":2,"name":"privacy-policy"}]},{"@type":"WebSite","@id":"https:\/\/pro-tech-europe.com\/#website","url":"https:\/\/pro-tech-europe.com\/","name":"Pro-Tech-Europe","description":"Europe Instalations","publisher":{"@id":"https:\/\/pro-tech-europe.com\/#organization"},"alternateName":"Pro-Tech Kamil Marcinowski","potentialAction":[{"@type":"SearchAction","target":{"@type":"EntryPoint","urlTemplate":"https:\/\/pro-tech-europe.com\/?s={search_term_string}"},"query-input":{"@type":"PropertyValueSpecification","valueRequired":true,"valueName":"search_term_string"}}],"inLanguage":"pl-PL"},{"@type":"Organization","@id":"https:\/\/pro-tech-europe.com\/#organization","name":"Pro-Tech-Europe","alternateName":"Pro-Tech Kamil Marcinowski","url":"https:\/\/pro-tech-europe.com\/","logo":{"@type":"ImageObject","inLanguage":"pl-PL","@id":"https:\/\/pro-tech-europe.com\/#\/schema\/logo\/image\/","url":"http:\/\/pro-tech-europe.com\/wp-content\/uploads\/2025\/06\/cropped-file_000000002c5861f784c049a96359a4ab.png","contentUrl":"http:\/\/pro-tech-europe.com\/wp-content\/uploads\/2025\/06\/cropped-file_000000002c5861f784c049a96359a4ab.png","width":512,"height":512,"caption":"Pro-Tech-Europe"},"image":{"@id":"https:\/\/pro-tech-europe.com\/#\/schema\/logo\/image\/"}}]}},"_links":{"self":[{"href":"https:\/\/pro-tech-europe.com\/index.php?rest_route=\/wp\/v2\/pages\/105","targetHints":{"allow":["GET"]}}],"collection":[{"href":"https:\/\/pro-tech-europe.com\/index.php?rest_route=\/wp\/v2\/pages"}],"about":[{"href":"https:\/\/pro-tech-europe.com\/index.php?rest_route=\/wp\/v2\/types\/page"}],"author":[{"embeddable":true,"href":"https:\/\/pro-tech-europe.com\/index.php?rest_route=\/wp\/v2\/users\/1"}],"replies":[{"embeddable":true,"href":"https:\/\/pro-tech-europe.com\/index.php?rest_route=%2Fwp%2Fv2%2Fcomments&post=105"}],"version-history":[{"count":15,"href":"https:\/\/pro-tech-europe.com\/index.php?rest_route=\/wp\/v2\/pages\/105\/revisions"}],"predecessor-version":[{"id":123,"href":"https:\/\/pro-tech-europe.com\/index.php?rest_route=\/wp\/v2\/pages\/105\/revisions\/123"}],"wp:attachment":[{"href":"https:\/\/pro-tech-europe.com\/index.php?rest_route=%2Fwp%2Fv2%2Fmedia&parent=105"}],"curies":[{"name":"wp","href":"https:\/\/api.w.org\/{rel}","templated":true}]}}